{"id":3884,"date":"2020-06-19T15:01:01","date_gmt":"2020-06-19T13:01:01","guid":{"rendered":"http:\/\/shared.antoineguillou.fr\/mentions-legales\/"},"modified":"2021-04-13T20:05:44","modified_gmt":"2021-04-13T18:05:44","slug":"legal-notice","status":"publish","type":"page","link":"http:\/\/shared.antoineguillou.fr\/it\/legal-notice\/","title":{"rendered":"Mentions l\u00e9gales"},"content":{"rendered":"<p>Le site www.share-d.com est \u00e9dit\u00e9 par COOT SOLUTIONS SAS.<\/p>\n<h2>Editeur<\/h2>\n<p>COOT SOLUTIONS SAS au capital social de 7059,50 EUR<br \/>\nDemeurant 4bis, Rue Lafayette, Grenoble, 38000<br \/>\nImmatricul\u00e9e sous le num\u00e9ro 830 800 868 au RCS de Grenoble<\/p>\n<p>Directeur de la publication : Anthony AMOUYAL, Pr\u00e9sident<br \/>\nContact donn\u00e9es personnelles : contact@share-d.com<\/p>\n<h2>H\u00e9bergement<\/h2>\n<p><strong>OVH<\/strong><br \/>\nSAS au capital de 10 069 020 \u20ac<br \/>\nRCS Lille M\u00e9tropole 424 761 419 00045<br \/>\nCode APE 2620Z<br \/>\nN\u00b0 TVA : FR 22 424 761 419<br \/>\nSi\u00e8ge social : 2 rue Kellermann \u2013 59100 Roubaix \u2013 France<br \/>\nRemerciements:<br \/>\nDesign : <a href=\"https:\/\/littlebigdesign.fr\/\">Little Big Design<\/a><br \/>\nD\u00e9veloppement : <a href=\"https:\/\/antoineguillou.fr\/\">A. Guillou<\/a><\/p>\n","protected":false},"excerpt":{"rendered":"<p>Le site www.share-d.com est \u00e9dit\u00e9 par COOT SOLUTIONS SAS. Editeur COOT SOLUTIONS SAS au capital social de 7059,50 EUR Demeurant 4bis, Rue Lafayette, Grenoble, 38000 Immatricul\u00e9e sous le num\u00e9ro 830 800 868 au RCS de Grenoble Directeur de la publication : Anthony AMOUYAL, Pr\u00e9sident Contact donn\u00e9es personnelles : contact@share-d.com H\u00e9bergement OVH SAS au capital de [&hellip;]<\/p>\n","protected":false},"author":1,"featured_media":0,"parent":0,"menu_order":0,"comment_status":"closed","ping_status":"closed","template":"legal.php","meta":[],"yoast_head":"<!-- This site is optimized with the Yoast SEO Premium plugin v15.7 - https:\/\/yoast.com\/wordpress\/plugins\/seo\/ -->\n<meta name=\"description\" content=\"Note legali Share(d), l&#039;app all-in-one per famiglie per una quotidianit\u00e0 pi\u00f9 serena\" \/>\n<meta name=\"robots\" content=\"index, follow, max-snippet:-1, max-image-preview:large, max-video-preview:-1\" \/>\n<link rel=\"canonical\" href=\"http:\/\/shared.antoineguillou.fr\/it\/legal-notice\/\" \/>\n<meta property=\"og:locale\" content=\"it_IT\" \/>\n<meta property=\"og:type\" content=\"article\" \/>\n<meta property=\"og:title\" content=\"Note legali Share(d)\" \/>\n<meta property=\"og:description\" content=\"Note legali Share(d), l&#039;app all-in-one per famiglie per una quotidianit\u00e0 pi\u00f9 serena\" \/>\n<meta property=\"og:url\" content=\"http:\/\/shared.antoineguillou.fr\/it\/legal-notice\/\" \/>\n<meta property=\"og:site_name\" content=\"Share(d)\" \/>\n<meta property=\"article:modified_time\" content=\"2021-04-13T18:05:44+00:00\" \/>\n<meta name=\"twitter:card\" content=\"summary_large_image\" \/>\n<meta name=\"twitter:label1\" content=\"Tempo di lettura stimato\">\n\t<meta name=\"twitter:data1\" content=\"1 minuto\">\n<script type=\"application\/ld+json\" class=\"yoast-schema-graph\">{\"@context\":\"https:\/\/schema.org\",\"@graph\":[{\"@type\":\"WebSite\",\"@id\":\"http:\/\/shared.antoineguillou.fr\/#website\",\"url\":\"http:\/\/shared.antoineguillou.fr\/\",\"name\":\"Share(d)\",\"description\":\"Organisez votre quotidien en toute s\\u00e9r\\u00e9nit\\u00e9 !\",\"potentialAction\":[{\"@type\":\"SearchAction\",\"target\":\"http:\/\/shared.antoineguillou.fr\/?s={search_term_string}\",\"query-input\":\"required name=search_term_string\"}],\"inLanguage\":\"it-IT\"},{\"@type\":\"WebPage\",\"@id\":\"http:\/\/shared.antoineguillou.fr\/it\/legal-notice\/#webpage\",\"url\":\"http:\/\/shared.antoineguillou.fr\/it\/legal-notice\/\",\"name\":\"Note legali Share(d)\",\"isPartOf\":{\"@id\":\"http:\/\/shared.antoineguillou.fr\/#website\"},\"datePublished\":\"2020-06-19T13:01:01+00:00\",\"dateModified\":\"2021-04-13T18:05:44+00:00\",\"description\":\"Note legali Share(d), l'app all-in-one per famiglie per una quotidianit\\u00e0 pi\\u00f9 serena\",\"breadcrumb\":{\"@id\":\"http:\/\/shared.antoineguillou.fr\/it\/legal-notice\/#breadcrumb\"},\"inLanguage\":\"it-IT\",\"potentialAction\":[{\"@type\":\"ReadAction\",\"target\":[\"http:\/\/shared.antoineguillou.fr\/it\/legal-notice\/\"]}]},{\"@type\":\"BreadcrumbList\",\"@id\":\"http:\/\/shared.antoineguillou.fr\/it\/legal-notice\/#breadcrumb\",\"itemListElement\":[{\"@type\":\"ListItem\",\"position\":1,\"item\":{\"@type\":\"WebPage\",\"@id\":\"http:\/\/shared.antoineguillou.fr\/it\/legal-notice\/\",\"url\":\"http:\/\/shared.antoineguillou.fr\/it\/legal-notice\/\",\"name\":\"Note legali\"}}]}]}<\/script>\n<!-- \/ Yoast SEO Premium plugin. -->","_links":{"self":[{"href":"http:\/\/shared.antoineguillou.fr\/it\/wp-json\/wp\/v2\/pages\/3884"}],"collection":[{"href":"http:\/\/shared.antoineguillou.fr\/it\/wp-json\/wp\/v2\/pages"}],"about":[{"href":"http:\/\/shared.antoineguillou.fr\/it\/wp-json\/wp\/v2\/types\/page"}],"author":[{"embeddable":true,"href":"http:\/\/shared.antoineguillou.fr\/it\/wp-json\/wp\/v2\/users\/1"}],"replies":[{"embeddable":true,"href":"http:\/\/shared.antoineguillou.fr\/it\/wp-json\/wp\/v2\/comments?post=3884"}],"version-history":[{"count":1,"href":"http:\/\/shared.antoineguillou.fr\/it\/wp-json\/wp\/v2\/pages\/3884\/revisions"}],"predecessor-version":[{"id":3885,"href":"http:\/\/shared.antoineguillou.fr\/it\/wp-json\/wp\/v2\/pages\/3884\/revisions\/3885"}],"wp:attachment":[{"href":"http:\/\/shared.antoineguillou.fr\/it\/wp-json\/wp\/v2\/media?parent=3884"}],"curies":[{"name":"wp","href":"https:\/\/api.w.org\/{rel}","templated":true}]}}