{"id":1849,"date":"2020-07-10T15:52:59","date_gmt":"2020-07-10T13:52:59","guid":{"rendered":"http:\/\/shared.antoineguillou.fr\/homepage\/"},"modified":"2021-04-14T18:41:18","modified_gmt":"2021-04-14T16:41:18","slug":"homepage","status":"publish","type":"page","link":"http:\/\/shared.antoineguillou.fr\/de\/","title":{"rendered":"Homepage"},"content":{"rendered":"","protected":false},"excerpt":{"rendered":"","protected":false},"author":1,"featured_media":0,"parent":0,"menu_order":0,"comment_status":"closed","ping_status":"closed","template":"app.php","meta":[],"yoast_head":"<!-- This site is optimized with the Yoast SEO Premium plugin v15.7 - https:\/\/yoast.com\/wordpress\/plugins\/seo\/ -->\n<meta name=\"description\" content=\"Gewinnen Sie Qualit\u00e4tszeit f\u00fcr diejenigen die Ihnen wichtig sind dank der App, die sich um die Organisation Ihres Familienlebens k\u00fcmmert. Organisieren, teilen, atmen!\" \/>\n<meta name=\"robots\" content=\"index, follow, max-snippet:-1, max-image-preview:large, max-video-preview:-1\" \/>\n<link rel=\"canonical\" href=\"http:\/\/shared.antoineguillou.fr\/de\/\" \/>\n<meta property=\"og:locale\" content=\"de_DE\" \/>\n<meta property=\"og:type\" content=\"article\" \/>\n<meta property=\"og:title\" content=\"Share(d) | Die All-in-One-Familien-App f\u00fcr einen ruhigeren Alltag\" \/>\n<meta property=\"og:description\" content=\"Gewinnen Sie Qualit\u00e4tszeit f\u00fcr diejenigen die Ihnen wichtig sind dank der App, die sich um die Organisation Ihres Familienlebens k\u00fcmmert. Organisieren, teilen, atmen!\" \/>\n<meta property=\"og:url\" content=\"http:\/\/shared.antoineguillou.fr\/de\/\" \/>\n<meta property=\"og:site_name\" content=\"Share(d)\" \/>\n<meta property=\"article:modified_time\" content=\"2021-04-14T16:41:18+00:00\" \/>\n<meta name=\"twitter:card\" content=\"summary_large_image\" \/>\n<script type=\"application\/ld+json\" class=\"yoast-schema-graph\">{\"@context\":\"https:\/\/schema.org\",\"@graph\":[{\"@type\":\"WebSite\",\"@id\":\"http:\/\/shared.antoineguillou.fr\/#website\",\"url\":\"http:\/\/shared.antoineguillou.fr\/\",\"name\":\"Share(d)\",\"description\":\"Organisez votre quotidien en toute s\\u00e9r\\u00e9nit\\u00e9 !\",\"potentialAction\":[{\"@type\":\"SearchAction\",\"target\":\"http:\/\/shared.antoineguillou.fr\/?s={search_term_string}\",\"query-input\":\"required name=search_term_string\"}],\"inLanguage\":\"de-DE\"},{\"@type\":\"WebPage\",\"@id\":\"http:\/\/shared.antoineguillou.fr\/de\/#webpage\",\"url\":\"http:\/\/shared.antoineguillou.fr\/de\/\",\"name\":\"Share(d) | Die All-in-One-Familien-App f\\u00fcr einen ruhigeren Alltag\",\"isPartOf\":{\"@id\":\"http:\/\/shared.antoineguillou.fr\/#website\"},\"datePublished\":\"2020-07-10T13:52:59+00:00\",\"dateModified\":\"2021-04-14T16:41:18+00:00\",\"description\":\"Gewinnen Sie Qualit\\u00e4tszeit f\\u00fcr diejenigen die Ihnen wichtig sind dank der App, die sich um die Organisation Ihres Familienlebens k\\u00fcmmert. Organisieren, teilen, atmen!\",\"breadcrumb\":{\"@id\":\"http:\/\/shared.antoineguillou.fr\/de\/#breadcrumb\"},\"inLanguage\":\"de-DE\",\"potentialAction\":[{\"@type\":\"ReadAction\",\"target\":[\"http:\/\/shared.antoineguillou.fr\/de\/\"]}]},{\"@type\":\"BreadcrumbList\",\"@id\":\"http:\/\/shared.antoineguillou.fr\/de\/#breadcrumb\",\"itemListElement\":[{\"@type\":\"ListItem\",\"position\":1,\"item\":{\"@type\":\"WebPage\",\"@id\":\"http:\/\/shared.antoineguillou.fr\/de\/\",\"url\":\"http:\/\/shared.antoineguillou.fr\/de\/\",\"name\":\"Homepage\"}}]}]}<\/script>\n<!-- \/ Yoast SEO Premium plugin. -->","_links":{"self":[{"href":"http:\/\/shared.antoineguillou.fr\/de\/wp-json\/wp\/v2\/pages\/1849"}],"collection":[{"href":"http:\/\/shared.antoineguillou.fr\/de\/wp-json\/wp\/v2\/pages"}],"about":[{"href":"http:\/\/shared.antoineguillou.fr\/de\/wp-json\/wp\/v2\/types\/page"}],"author":[{"embeddable":true,"href":"http:\/\/shared.antoineguillou.fr\/de\/wp-json\/wp\/v2\/users\/1"}],"replies":[{"embeddable":true,"href":"http:\/\/shared.antoineguillou.fr\/de\/wp-json\/wp\/v2\/comments?post=1849"}],"version-history":[{"count":97,"href":"http:\/\/shared.antoineguillou.fr\/de\/wp-json\/wp\/v2\/pages\/1849\/revisions"}],"predecessor-version":[{"id":6192,"href":"http:\/\/shared.antoineguillou.fr\/de\/wp-json\/wp\/v2\/pages\/1849\/revisions\/6192"}],"wp:attachment":[{"href":"http:\/\/shared.antoineguillou.fr\/de\/wp-json\/wp\/v2\/media?parent=1849"}],"curies":[{"name":"wp","href":"https:\/\/api.w.org\/{rel}","templated":true}]}}